{"id":893,"date":"2018-08-17T14:47:23","date_gmt":"2018-08-17T11:47:23","guid":{"rendered":"http:\/\/pavel.ceselsky.cz\/?page_id=893"},"modified":"2022-11-02T00:03:15","modified_gmt":"2022-11-01T21:03:15","slug":"video","status":"publish","type":"page","link":"https:\/\/www.ceselsky.cz\/cs\/video\/","title":{"rendered":"Video"},"content":{"rendered":"<div class=\"wp-block-uagb-post-grid uagb-post-grid  uagb-post__image-position-top uagb-post__image-enabled uagb-block-a0caf196     uagb-post__items uagb-post__columns-1 is-grid uagb-post__columns-tablet-1 uagb-post__columns-mobile-1 uagb-post__equal-height\" data-total=\"1\" style=\"\">\n\n\t\t\t\t\t\t\t\t\t\t\t\t<article class=\"uagb-post__inner-wrap\">\t\t\t\t\t\t\t\t<div class='uagb-post__image'>\n\t\t\t\t\t\t\t\t\t<a href=\"https:\/\/www.ceselsky.cz\/cs\/2019\/01\/norway-2018-video\/\" target=\"_self\" rel=\"bookmark noopener noreferrer\" class='uagb-image-ratio-inherit'><img loading=\"lazy\" decoding=\"async\" width=\"580\" height=\"326\" src=\"https:\/\/img.youtube.com\/vi\/mNZBnCKVIjY\/maxresdefault.jpg\" class=\"attachment-large size-large\" alt=\"Norway 2018- Video\" \/>\t\t\t\t\t<\/a>\n\t\t\t\t\t\t\t<\/div>\n\t\t\t\t\t\t<h4 class=\"uagb-post__title uagb-post__text\">\n\t\t\t\t<a href=\"https:\/\/www.ceselsky.cz\/cs\/2019\/01\/norway-2018-video\/\" target=\"_self\" rel=\"bookmark noopener noreferrer\">Norway 2018- Video<\/a>\n\t\t\t<\/h4>\n\t\t\t\t\t\t<div class='uagb-post__text uagb-post-grid-byline'>\n\t\t\t\t\t\t\t\t<time datetime=\"2019-01-30T11:11:21+03:00\" class=\"uagb-post__date\">\n\t\t\t\t<span class=\"dashicons-calendar dashicons\"><\/span>\t\t\t\t\t30.1.2019\t\t\t\t<\/time>\n\t\t\t\t\t\t\t<span class=\"uagb-post__comment\">\n\t\t\t\t<span class=\"dashicons-admin-comments dashicons\"><\/span>\t\t\t\t\t\u017d\u00e1dn\u00e9 koment\u00e1\u0159e\t\t\t\t<\/span>\n\t\t\t\t\t\t<\/div>\n\t\t\t\t\t\t\t<div class='uagb-post__text uagb-post__excerpt'>\n\t\t\t\t\tVideo z okol\u00ed Alty, nato\u010deno s pomoc\u00ed Mavic Air.\t\t\t\t<\/div>\n\t\t\t\t\t\t<div class=\"uagb-post__text uagb-post__cta wp-block-button\">\n\t\t\t\t<a class=\"wp-block-button__link uagb-text-link\" style=\"\" href=\"https:\/\/www.ceselsky.cz\/cs\/2019\/01\/norway-2018-video\/\" target=\"_self\" rel=\"bookmark noopener noreferrer\">\u010c\u00edst v\u00edce<\/a>\n\t\t\t<\/div>\n\t\t\t\n\t\t\t\t\t\t\t\t\t<\/article>\n\t\t\t\t\t\t\t\t\t\t\t\t\t\t\t\t<article class=\"uagb-post__inner-wrap\">\t\t\t\t\t\t\t\t<div class='uagb-post__image'>\n\t\t\t\t\t\t\t\t\t<a href=\"https:\/\/www.ceselsky.cz\/cs\/2018\/06\/vyroba-snehu-leden-2016\/\" target=\"_self\" rel=\"bookmark noopener noreferrer\" class='uagb-image-ratio-inherit'><img decoding=\"async\" src=\";https:\/\/img.youtube.com\/vi\/JxoIwVDudfs\/maxresdefault.jpg\" class=\"attachment-large size-large\" alt=\"Making snow, January 2016\" \/>\t\t\t\t\t<\/a>\n\t\t\t\t\t\t\t<\/div>\n\t\t\t\t\t\t<h4 class=\"uagb-post__title uagb-post__text\">\n\t\t\t\t<a href=\"https:\/\/www.ceselsky.cz\/cs\/2018\/06\/vyroba-snehu-leden-2016\/\" target=\"_self\" rel=\"bookmark noopener noreferrer\">V\u00fdroba sn\u011bhu, leden 2016<\/a>\n\t\t\t<\/h4>\n\t\t\t\t\t\t<div class='uagb-post__text uagb-post-grid-byline'>\n\t\t\t\t\t\t\t\t<time datetime=\"2018-06-12T15:44:43+03:00\" class=\"uagb-post__date\">\n\t\t\t\t<span class=\"dashicons-calendar dashicons\"><\/span>\t\t\t\t\t12.6.2018\t\t\t\t<\/time>\n\t\t\t\t\t\t\t<span class=\"uagb-post__comment\">\n\t\t\t\t<span class=\"dashicons-admin-comments dashicons\"><\/span>\t\t\t\t\t1 koment\u00e1\u0159\t\t\t\t<\/span>\n\t\t\t\t\t\t<\/div>\n\t\t\t\t\t\t\t<div class='uagb-post__text uagb-post__excerpt'>\n\t\t\t\t\tVenku po\u0159\u00e1dn\u011b mrzlo a tak sta\u010d\u00ed trochu va\u0159\u00edc\u00ed vody kter\u00e1 se hned p\u0159em\u011bn\u00ed na sn\u00edh.\t\t\t\t<\/div>\n\t\t\t\t\t\t<div class=\"uagb-post__text uagb-post__cta wp-block-button\">\n\t\t\t\t<a class=\"wp-block-button__link uagb-text-link\" style=\"\" href=\"https:\/\/www.ceselsky.cz\/cs\/2018\/06\/vyroba-snehu-leden-2016\/\" target=\"_self\" rel=\"bookmark noopener noreferrer\">\u010c\u00edst v\u00edce<\/a>\n\t\t\t<\/div>\n\t\t\t\n\t\t\t\t\t\t\t\t\t<\/article>\n\t\t\t\t\t\t\t\t\t\t\t<\/div>","protected":false},"excerpt":{"rendered":"","protected":false},"author":1,"featured_media":611,"parent":0,"menu_order":42,"comment_status":"open","ping_status":"closed","template":"templates\/template-cover.php","meta":{"_uag_custom_page_level_css":"","ngg_post_thumbnail":0,"footnotes":""},"class_list":["post-893","page","type-page","status-publish","has-post-thumbnail","hentry"],"uagb_featured_image_src":{"full":["https:\/\/www.ceselsky.cz\/wp-content\/uploads\/2018\/06\/36679578491_0667e670cd_o.jpg",2000,1334,false],"thumbnail":["https:\/\/www.ceselsky.cz\/wp-content\/uploads\/2018\/06\/36679578491_0667e670cd_o-150x150.jpg",150,150,true],"medium":["https:\/\/www.ceselsky.cz\/wp-content\/uploads\/2018\/06\/36679578491_0667e670cd_o-300x200.jpg",300,200,true],"medium_large":["https:\/\/www.ceselsky.cz\/wp-content\/uploads\/2018\/06\/36679578491_0667e670cd_o-768x512.jpg",580,387,true],"large":["https:\/\/www.ceselsky.cz\/wp-content\/uploads\/2018\/06\/36679578491_0667e670cd_o-1024x683.jpg",580,387,true],"1536x1536":["https:\/\/www.ceselsky.cz\/wp-content\/uploads\/2018\/06\/36679578491_0667e670cd_o.jpg",1536,1025,false],"2048x2048":["https:\/\/www.ceselsky.cz\/wp-content\/uploads\/2018\/06\/36679578491_0667e670cd_o.jpg",2000,1334,false],"trp-custom-language-flag":["https:\/\/www.ceselsky.cz\/wp-content\/uploads\/2018\/06\/36679578491_0667e670cd_o.jpg",18,12,false],"post-thumbnail":["https:\/\/www.ceselsky.cz\/wp-content\/uploads\/2018\/06\/36679578491_0667e670cd_o.jpg",1200,800,false],"twentytwenty-fullscreen":["https:\/\/www.ceselsky.cz\/wp-content\/uploads\/2018\/06\/36679578491_0667e670cd_o.jpg",1980,1321,false]},"uagb_author_info":{"display_name":"Pajka","author_link":"https:\/\/www.ceselsky.cz\/cs\/author\/pajka\/"},"uagb_comment_info":359,"uagb_excerpt":null,"_links":{"self":[{"href":"https:\/\/www.ceselsky.cz\/cs\/wp-json\/wp\/v2\/pages\/893"}],"collection":[{"href":"https:\/\/www.ceselsky.cz\/cs\/wp-json\/wp\/v2\/pages"}],"about":[{"href":"https:\/\/www.ceselsky.cz\/cs\/wp-json\/wp\/v2\/types\/page"}],"author":[{"embeddable":true,"href":"https:\/\/www.ceselsky.cz\/cs\/wp-json\/wp\/v2\/users\/1"}],"replies":[{"embeddable":true,"href":"https:\/\/www.ceselsky.cz\/cs\/wp-json\/wp\/v2\/comments?post=893"}],"version-history":[{"count":2,"href":"https:\/\/www.ceselsky.cz\/cs\/wp-json\/wp\/v2\/pages\/893\/revisions"}],"predecessor-version":[{"id":10378,"href":"https:\/\/www.ceselsky.cz\/cs\/wp-json\/wp\/v2\/pages\/893\/revisions\/10378"}],"wp:featuredmedia":[{"embeddable":true,"href":"https:\/\/www.ceselsky.cz\/cs\/wp-json\/wp\/v2\/media\/611"}],"wp:attachment":[{"href":"https:\/\/www.ceselsky.cz\/cs\/wp-json\/wp\/v2\/media?parent=893"}],"curies":[{"name":"wp","href":"https:\/\/api.w.org\/{rel}","templated":true}]}}